{"id":38,"date":"2014-05-12T18:12:14","date_gmt":"2014-05-12T16:12:14","guid":{"rendered":"http:\/\/coachingsavoie.com\/blog\/?page_id=38"},"modified":"2015-12-14T20:04:46","modified_gmt":"2015-12-14T19:04:46","slug":"contact","status":"publish","type":"page","link":"https:\/\/coachingsavoie.com\/blog\/contact\/","title":{"rendered":"Contact"},"content":{"rendered":"<p>Une question concernant les modalit\u00e9s d&rsquo;entretien, les tarifs, ma m\u00e9thode ou les prochaines dates de mes ateliers ?<\/p>\n<p>Contactez-moi au 06 88 82 28 32, via coachingformationsavoir(at)gmail.com, ou encore en renseignant le formulaire ci-dessous.<\/p>\n<p>A bient\u00f4t !<\/p>\n<div role=\"form\" class=\"wpcf7\" id=\"wpcf7-f45-o1\" lang=\"fr-FR\" dir=\"ltr\">\n<div class=\"screen-reader-response\"><p role=\"status\" aria-live=\"polite\" aria-atomic=\"true\"><\/p> <ul><\/ul><\/div>\n<form action=\"\/blog\/wp-json\/wp\/v2\/pages\/38#wpcf7-f45-o1\" method=\"post\" class=\"wpcf7-form init\" novalidate=\"novalidate\" data-status=\"init\">\n<div style=\"display: none;\">\n<input type=\"hidden\" name=\"_wpcf7\" value=\"45\" \/>\n<input type=\"hidden\" name=\"_wpcf7_version\" value=\"5.5.5\" \/>\n<input type=\"hidden\" name=\"_wpcf7_locale\" value=\"fr_FR\" \/>\n<input type=\"hidden\" name=\"_wpcf7_unit_tag\" value=\"wpcf7-f45-o1\" \/>\n<input type=\"hidden\" name=\"_wpcf7_container_post\" value=\"0\" \/>\n<input type=\"hidden\" name=\"_wpcf7_posted_data_hash\" value=\"\" \/>\n<\/div>\n<p>Votre nom (obligatoire)<br \/>\n    <span class=\"wpcf7-form-control-wrap your-name\"><input type=\"text\" name=\"your-name\" value=\"\" size=\"40\" class=\"wpcf7-form-control wpcf7-text wpcf7-validates-as-required\" aria-required=\"true\" aria-invalid=\"false\" \/><\/span> <\/p>\n<p>Votre email (obligatoire)<br \/>\n    <span class=\"wpcf7-form-control-wrap your-email\"><input type=\"email\" name=\"your-email\" value=\"\" size=\"40\" class=\"wpcf7-form-control wpcf7-text wpcf7-email wpcf7-validates-as-required wpcf7-validates-as-email\" aria-required=\"true\" aria-invalid=\"false\" \/><\/span> <\/p>\n<p>Sujet<br \/>\n    <span class=\"wpcf7-form-control-wrap your-subject\"><input type=\"text\" name=\"your-subject\" value=\"\" size=\"40\" class=\"wpcf7-form-control wpcf7-text\" aria-invalid=\"false\" \/><\/span> <\/p>\n<p>Votre message<br \/>\n    <span class=\"wpcf7-form-control-wrap your-message\"><textarea name=\"your-message\" cols=\"40\" rows=\"10\" class=\"wpcf7-form-control wpcf7-textarea\" aria-invalid=\"false\"><\/textarea><\/span> <\/p>\n<p><input type=\"submit\" value=\"Envoyer\" class=\"wpcf7-form-control has-spinner wpcf7-submit\" \/><\/p>\n<p style=\"display: none !important;\"><label>&#916;<textarea name=\"_wpcf7_ak_hp_textarea\" cols=\"45\" rows=\"8\" maxlength=\"100\"><\/textarea><\/label><input type=\"hidden\" id=\"ak_js_1\" name=\"_wpcf7_ak_js\" value=\"119\"\/><script>document.getElementById( \"ak_js_1\" ).setAttribute( \"value\", ( new Date() ).getTime() );<\/script><\/p><div class=\"wpcf7-response-output\" aria-hidden=\"true\"><\/div><\/form><\/div>\n","protected":false},"excerpt":{"rendered":"<p>Une question concernant les modalit\u00e9s d&rsquo;entretien, les tarifs, ma m\u00e9thode ou les prochaines dates de mes ateliers ? Contactez-moi au 06 88 82 28 32, via coachingformationsavoir(at)gmail.com, ou encore en renseignant le formulaire ci-dessous. A bient\u00f4t !<\/p>\n","protected":false},"author":2,"featured_media":0,"parent":0,"menu_order":7,"comment_status":"open","ping_status":"open","template":"","meta":{"_mi_skip_tracking":false},"categories":[],"tags":[],"yoast_head":"<!-- This site is optimized with the Yoast SEO plugin v18.1 - https:\/\/yoast.com\/wordpress\/plugins\/seo\/ -->\n<meta name=\"robots\" content=\"index, follow, max-snippet:-1, max-image-preview:large, max-video-preview:-1\" \/>\n<link rel=\"canonical\" href=\"https:\/\/coachingsavoie.com\/blog\/contact\/\" \/>\n<meta name=\"twitter:card\" content=\"summary\" \/>\n<meta name=\"twitter:title\" content=\"Contact - Coaching et formation en Savoie\" \/>\n<meta name=\"twitter:description\" content=\"Une question concernant les modalit\u00e9s d&rsquo;entretien, les tarifs, ma m\u00e9thode ou les prochaines dates de mes ateliers ? Contactez-moi au 06 88 82 28 32, via coachingformationsavoir(at)gmail.com, ou encore en renseignant le formulaire ci-dessous. A bient\u00f4t !\" \/>\n<script type=\"application\/ld+json\" class=\"yoast-schema-graph\">{\"@context\":\"https:\/\/schema.org\",\"@graph\":[{\"@type\":\"WebSite\",\"@id\":\"https:\/\/coachingsavoie.com\/blog\/#website\",\"url\":\"https:\/\/coachingsavoie.com\/blog\/\",\"name\":\"Coaching et formation en Savoie\",\"description\":\"Fr\u00e9d\u00e9rique Lemoine, formatrice sp\u00e9cialis\u00e9e en soft skills, coach certifi\u00e9e, conf\u00e9renci\u00e8re et praticien PNL\",\"potentialAction\":[{\"@type\":\"SearchAction\",\"target\":{\"@type\":\"EntryPoint\",\"urlTemplate\":\"https:\/\/coachingsavoie.com\/blog\/?s={search_term_string}\"},\"query-input\":\"required name=search_term_string\"}],\"inLanguage\":\"fr-FR\"},{\"@type\":\"WebPage\",\"@id\":\"https:\/\/coachingsavoie.com\/blog\/contact\/#webpage\",\"url\":\"https:\/\/coachingsavoie.com\/blog\/contact\/\",\"name\":\"Contact - Coaching et formation en Savoie\",\"isPartOf\":{\"@id\":\"https:\/\/coachingsavoie.com\/blog\/#website\"},\"datePublished\":\"2014-05-12T16:12:14+00:00\",\"dateModified\":\"2015-12-14T19:04:46+00:00\",\"breadcrumb\":{\"@id\":\"https:\/\/coachingsavoie.com\/blog\/contact\/#breadcrumb\"},\"inLanguage\":\"fr-FR\",\"potentialAction\":[{\"@type\":\"ReadAction\",\"target\":[\"https:\/\/coachingsavoie.com\/blog\/contact\/\"]}]},{\"@type\":\"BreadcrumbList\",\"@id\":\"https:\/\/coachingsavoie.com\/blog\/contact\/#breadcrumb\",\"itemListElement\":[{\"@type\":\"ListItem\",\"position\":1,\"name\":\"Accueil\",\"item\":\"https:\/\/coachingsavoie.com\/blog\/\"},{\"@type\":\"ListItem\",\"position\":2,\"name\":\"Contact\"}]}]}<\/script>\n<!-- \/ Yoast SEO plugin. -->","yoast_head_json":{"robots":{"index":"index","follow":"follow","max-snippet":"max-snippet:-1","max-image-preview":"max-image-preview:large","max-video-preview":"max-video-preview:-1"},"canonical":"https:\/\/coachingsavoie.com\/blog\/contact\/","twitter_card":"summary","twitter_title":"Contact - Coaching et formation en Savoie","twitter_description":"Une question concernant les modalit\u00e9s d&rsquo;entretien, les tarifs, ma m\u00e9thode ou les prochaines dates de mes ateliers ? Contactez-moi au 06 88 82 28 32, via coachingformationsavoir(at)gmail.com, ou encore en renseignant le formulaire ci-dessous. A bient\u00f4t !","schema":{"@context":"https:\/\/schema.org","@graph":[{"@type":"WebSite","@id":"https:\/\/coachingsavoie.com\/blog\/#website","url":"https:\/\/coachingsavoie.com\/blog\/","name":"Coaching et formation en Savoie","description":"Fr\u00e9d\u00e9rique Lemoine, formatrice sp\u00e9cialis\u00e9e en soft skills, coach certifi\u00e9e, conf\u00e9renci\u00e8re et praticien PNL","potentialAction":[{"@type":"SearchAction","target":{"@type":"EntryPoint","urlTemplate":"https:\/\/coachingsavoie.com\/blog\/?s={search_term_string}"},"query-input":"required name=search_term_string"}],"inLanguage":"fr-FR"},{"@type":"WebPage","@id":"https:\/\/coachingsavoie.com\/blog\/contact\/#webpage","url":"https:\/\/coachingsavoie.com\/blog\/contact\/","name":"Contact - Coaching et formation en Savoie","isPartOf":{"@id":"https:\/\/coachingsavoie.com\/blog\/#website"},"datePublished":"2014-05-12T16:12:14+00:00","dateModified":"2015-12-14T19:04:46+00:00","breadcrumb":{"@id":"https:\/\/coachingsavoie.com\/blog\/contact\/#breadcrumb"},"inLanguage":"fr-FR","potentialAction":[{"@type":"ReadAction","target":["https:\/\/coachingsavoie.com\/blog\/contact\/"]}]},{"@type":"BreadcrumbList","@id":"https:\/\/coachingsavoie.com\/blog\/contact\/#breadcrumb","itemListElement":[{"@type":"ListItem","position":1,"name":"Accueil","item":"https:\/\/coachingsavoie.com\/blog\/"},{"@type":"ListItem","position":2,"name":"Contact"}]}]}},"_links":{"self":[{"href":"https:\/\/coachingsavoie.com\/blog\/wp-json\/wp\/v2\/pages\/38"}],"collection":[{"href":"https:\/\/coachingsavoie.com\/blog\/wp-json\/wp\/v2\/pages"}],"about":[{"href":"https:\/\/coachingsavoie.com\/blog\/wp-json\/wp\/v2\/types\/page"}],"author":[{"embeddable":true,"href":"https:\/\/coachingsavoie.com\/blog\/wp-json\/wp\/v2\/users\/2"}],"replies":[{"embeddable":true,"href":"https:\/\/coachingsavoie.com\/blog\/wp-json\/wp\/v2\/comments?post=38"}],"version-history":[{"count":3,"href":"https:\/\/coachingsavoie.com\/blog\/wp-json\/wp\/v2\/pages\/38\/revisions"}],"predecessor-version":[{"id":46,"href":"https:\/\/coachingsavoie.com\/blog\/wp-json\/wp\/v2\/pages\/38\/revisions\/46"}],"wp:attachment":[{"href":"https:\/\/coachingsavoie.com\/blog\/wp-json\/wp\/v2\/media?parent=38"}],"wp:term":[{"taxonomy":"category","embeddable":true,"href":"https:\/\/coachingsavoie.com\/blog\/wp-json\/wp\/v2\/categories?post=38"},{"taxonomy":"post_tag","embeddable":true,"href":"https:\/\/coachingsavoie.com\/blog\/wp-json\/wp\/v2\/tags?post=38"}],"curies":[{"name":"wp","href":"https:\/\/api.w.org\/{rel}","templated":true}]}}