{"id":1799,"date":"2018-09-10T09:34:43","date_gmt":"2018-09-10T07:34:43","guid":{"rendered":"http:\/\/coachingsavoie.com\/blog\/?page_id=1799"},"modified":"2019-12-22T19:11:40","modified_gmt":"2019-12-22T18:11:40","slug":"boite-a-outils","status":"publish","type":"page","link":"https:\/\/coachingsavoie.com\/blog\/boite-a-outils\/","title":{"rendered":"Boite \u00e0 outils"},"content":{"rendered":"\n<div class=\"wp-block-media-text alignwide has-media-on-the-right\"><figure class=\"wp-block-media-text__media\"><img loading=\"lazy\" width=\"890\" height=\"1024\" src=\"https:\/\/coachingsavoie.com\/blog\/wp-content\/uploads\/2017\/02\/livre-890x1024.jpg\" alt=\"recueil de contes philosophiques\" class=\"wp-image-1103\"\/><\/figure><div class=\"wp-block-media-text__content\">\n<p class=\"has-drop-cap has-medium-font-size\">Cliquez <a href=\"https:\/\/coachingsavoie.com\/blog\/wp-content\/uploads\/2018\/07\/recueil-contes-histoires.pdf\">ici<\/a> pour faire le plein de sagesse en t\u00e9l\u00e9chargeant un recueil des plus beaux contes philosophiques glan\u00e9s au fil du temps. <\/p>\n\n\n\n<p> Sages, inspirants, tendres ou dr\u00f4les, ils sont surtout \u00e9clairants sur notre quotidien. <\/p>\n\n\n\n<p> Bonne d\u00e9couverte ! <\/p>\n<\/div><\/div>\n\n\n\n<div class=\"wp-block-media-text alignwide is-vertically-aligned-top\"><figure class=\"wp-block-media-text__media\"><img loading=\"lazy\" width=\"275\" height=\"183\" src=\"https:\/\/coachingsavoie.com\/blog\/wp-content\/uploads\/2019\/12\/dossiers.jpg\" alt=\"Ouils de coaching\" class=\"wp-image-2295\"\/><\/figure><div class=\"wp-block-media-text__content\">\n<p class=\"has-drop-cap has-medium-font-size\"> Retrouvez dans cet onglet \u00ab\u00a0Boite \u00e0 outils\u00a0\u00bb les articles livrant des  outils du coaching ou de ma production personnelle, tri\u00e9s par cat\u00e9gorie. <\/p>\n<\/div><\/div>\n\n\n\n<div class=\"wp-container-1 wp-block-group\"><div class=\"wp-block-group__inner-container\">\n<p><\/p>\n<\/div><\/div>\n\n\n\n<p><\/p>\n\n\n\n<p><\/p>\n","protected":false},"excerpt":{"rendered":"<p>Cliquez ici pour faire le plein de sagesse en t\u00e9l\u00e9chargeant un recueil des plus beaux contes philosophiques glan\u00e9s au fil du temps. Sages, inspirants, tendres ou dr\u00f4les, ils sont surtout \u00e9clairants sur notre quotidien. Bonne d\u00e9couverte ! Retrouvez dans cet onglet \u00ab\u00a0Boite \u00e0 outils\u00a0\u00bb les articles livrant des outils du coaching ou de ma production [&hellip;]<\/p>\n","protected":false},"author":2,"featured_media":0,"parent":0,"menu_order":0,"comment_status":"closed","ping_status":"closed","template":"","meta":{"_mi_skip_tracking":false},"categories":[],"tags":[],"yoast_head":"<!-- This site is optimized with the Yoast SEO plugin v18.1 - https:\/\/yoast.com\/wordpress\/plugins\/seo\/ -->\n<meta name=\"robots\" content=\"index, follow, max-snippet:-1, max-image-preview:large, max-video-preview:-1\" \/>\n<link rel=\"canonical\" href=\"https:\/\/coachingsavoie.com\/blog\/boite-a-outils\/\" \/>\n<meta name=\"twitter:card\" content=\"summary\" \/>\n<meta name=\"twitter:title\" content=\"Boite \u00e0 outils - Coaching et formation en Savoie\" \/>\n<meta name=\"twitter:description\" content=\"Cliquez ici pour faire le plein de sagesse en t\u00e9l\u00e9chargeant un recueil des plus beaux contes philosophiques glan\u00e9s au fil du temps. Sages, inspirants, tendres ou dr\u00f4les, ils sont surtout \u00e9clairants sur notre quotidien. Bonne d\u00e9couverte ! Retrouvez dans cet onglet \u00ab\u00a0Boite \u00e0 outils\u00a0\u00bb les articles livrant des outils du coaching ou de ma production [&hellip;]\" \/>\n<meta name=\"twitter:image\" content=\"http:\/\/coachingsavoie.com\/blog\/wp-content\/uploads\/2017\/02\/livre-890x1024.jpg\" \/>\n<script type=\"application\/ld+json\" class=\"yoast-schema-graph\">{\"@context\":\"https:\/\/schema.org\",\"@graph\":[{\"@type\":\"WebSite\",\"@id\":\"https:\/\/coachingsavoie.com\/blog\/#website\",\"url\":\"https:\/\/coachingsavoie.com\/blog\/\",\"name\":\"Coaching et formation en Savoie\",\"description\":\"Fr\u00e9d\u00e9rique Lemoine, formatrice sp\u00e9cialis\u00e9e en soft skills, coach certifi\u00e9e, conf\u00e9renci\u00e8re et praticien PNL\",\"potentialAction\":[{\"@type\":\"SearchAction\",\"target\":{\"@type\":\"EntryPoint\",\"urlTemplate\":\"https:\/\/coachingsavoie.com\/blog\/?s={search_term_string}\"},\"query-input\":\"required name=search_term_string\"}],\"inLanguage\":\"fr-FR\"},{\"@type\":\"ImageObject\",\"@id\":\"https:\/\/coachingsavoie.com\/blog\/boite-a-outils\/#primaryimage\",\"inLanguage\":\"fr-FR\",\"url\":\"http:\/\/coachingsavoie.com\/blog\/wp-content\/uploads\/2017\/02\/livre-890x1024.jpg\",\"contentUrl\":\"http:\/\/coachingsavoie.com\/blog\/wp-content\/uploads\/2017\/02\/livre-890x1024.jpg\"},{\"@type\":\"WebPage\",\"@id\":\"https:\/\/coachingsavoie.com\/blog\/boite-a-outils\/#webpage\",\"url\":\"https:\/\/coachingsavoie.com\/blog\/boite-a-outils\/\",\"name\":\"Boite \u00e0 outils - Coaching et formation en Savoie\",\"isPartOf\":{\"@id\":\"https:\/\/coachingsavoie.com\/blog\/#website\"},\"primaryImageOfPage\":{\"@id\":\"https:\/\/coachingsavoie.com\/blog\/boite-a-outils\/#primaryimage\"},\"datePublished\":\"2018-09-10T07:34:43+00:00\",\"dateModified\":\"2019-12-22T18:11:40+00:00\",\"breadcrumb\":{\"@id\":\"https:\/\/coachingsavoie.com\/blog\/boite-a-outils\/#breadcrumb\"},\"inLanguage\":\"fr-FR\",\"potentialAction\":[{\"@type\":\"ReadAction\",\"target\":[\"https:\/\/coachingsavoie.com\/blog\/boite-a-outils\/\"]}]},{\"@type\":\"BreadcrumbList\",\"@id\":\"https:\/\/coachingsavoie.com\/blog\/boite-a-outils\/#breadcrumb\",\"itemListElement\":[{\"@type\":\"ListItem\",\"position\":1,\"name\":\"Accueil\",\"item\":\"https:\/\/coachingsavoie.com\/blog\/\"},{\"@type\":\"ListItem\",\"position\":2,\"name\":\"Boite \u00e0 outils\"}]}]}<\/script>\n<!-- \/ Yoast SEO plugin. -->","yoast_head_json":{"robots":{"index":"index","follow":"follow","max-snippet":"max-snippet:-1","max-image-preview":"max-image-preview:large","max-video-preview":"max-video-preview:-1"},"canonical":"https:\/\/coachingsavoie.com\/blog\/boite-a-outils\/","twitter_card":"summary","twitter_title":"Boite \u00e0 outils - Coaching et formation en Savoie","twitter_description":"Cliquez ici pour faire le plein de sagesse en t\u00e9l\u00e9chargeant un recueil des plus beaux contes philosophiques glan\u00e9s au fil du temps. Sages, inspirants, tendres ou dr\u00f4les, ils sont surtout \u00e9clairants sur notre quotidien. Bonne d\u00e9couverte ! Retrouvez dans cet onglet \u00ab\u00a0Boite \u00e0 outils\u00a0\u00bb les articles livrant des outils du coaching ou de ma production [&hellip;]","twitter_image":"http:\/\/coachingsavoie.com\/blog\/wp-content\/uploads\/2017\/02\/livre-890x1024.jpg","schema":{"@context":"https:\/\/schema.org","@graph":[{"@type":"WebSite","@id":"https:\/\/coachingsavoie.com\/blog\/#website","url":"https:\/\/coachingsavoie.com\/blog\/","name":"Coaching et formation en Savoie","description":"Fr\u00e9d\u00e9rique Lemoine, formatrice sp\u00e9cialis\u00e9e en soft skills, coach certifi\u00e9e, conf\u00e9renci\u00e8re et praticien PNL","potentialAction":[{"@type":"SearchAction","target":{"@type":"EntryPoint","urlTemplate":"https:\/\/coachingsavoie.com\/blog\/?s={search_term_string}"},"query-input":"required name=search_term_string"}],"inLanguage":"fr-FR"},{"@type":"ImageObject","@id":"https:\/\/coachingsavoie.com\/blog\/boite-a-outils\/#primaryimage","inLanguage":"fr-FR","url":"http:\/\/coachingsavoie.com\/blog\/wp-content\/uploads\/2017\/02\/livre-890x1024.jpg","contentUrl":"http:\/\/coachingsavoie.com\/blog\/wp-content\/uploads\/2017\/02\/livre-890x1024.jpg"},{"@type":"WebPage","@id":"https:\/\/coachingsavoie.com\/blog\/boite-a-outils\/#webpage","url":"https:\/\/coachingsavoie.com\/blog\/boite-a-outils\/","name":"Boite \u00e0 outils - Coaching et formation en Savoie","isPartOf":{"@id":"https:\/\/coachingsavoie.com\/blog\/#website"},"primaryImageOfPage":{"@id":"https:\/\/coachingsavoie.com\/blog\/boite-a-outils\/#primaryimage"},"datePublished":"2018-09-10T07:34:43+00:00","dateModified":"2019-12-22T18:11:40+00:00","breadcrumb":{"@id":"https:\/\/coachingsavoie.com\/blog\/boite-a-outils\/#breadcrumb"},"inLanguage":"fr-FR","potentialAction":[{"@type":"ReadAction","target":["https:\/\/coachingsavoie.com\/blog\/boite-a-outils\/"]}]},{"@type":"BreadcrumbList","@id":"https:\/\/coachingsavoie.com\/blog\/boite-a-outils\/#breadcrumb","itemListElement":[{"@type":"ListItem","position":1,"name":"Accueil","item":"https:\/\/coachingsavoie.com\/blog\/"},{"@type":"ListItem","position":2,"name":"Boite \u00e0 outils"}]}]}},"_links":{"self":[{"href":"https:\/\/coachingsavoie.com\/blog\/wp-json\/wp\/v2\/pages\/1799"}],"collection":[{"href":"https:\/\/coachingsavoie.com\/blog\/wp-json\/wp\/v2\/pages"}],"about":[{"href":"https:\/\/coachingsavoie.com\/blog\/wp-json\/wp\/v2\/types\/page"}],"author":[{"embeddable":true,"href":"https:\/\/coachingsavoie.com\/blog\/wp-json\/wp\/v2\/users\/2"}],"replies":[{"embeddable":true,"href":"https:\/\/coachingsavoie.com\/blog\/wp-json\/wp\/v2\/comments?post=1799"}],"version-history":[{"count":8,"href":"https:\/\/coachingsavoie.com\/blog\/wp-json\/wp\/v2\/pages\/1799\/revisions"}],"predecessor-version":[{"id":2300,"href":"https:\/\/coachingsavoie.com\/blog\/wp-json\/wp\/v2\/pages\/1799\/revisions\/2300"}],"wp:attachment":[{"href":"https:\/\/coachingsavoie.com\/blog\/wp-json\/wp\/v2\/media?parent=1799"}],"wp:term":[{"taxonomy":"category","embeddable":true,"href":"https:\/\/coachingsavoie.com\/blog\/wp-json\/wp\/v2\/categories?post=1799"},{"taxonomy":"post_tag","embeddable":true,"href":"https:\/\/coachingsavoie.com\/blog\/wp-json\/wp\/v2\/tags?post=1799"}],"curies":[{"name":"wp","href":"https:\/\/api.w.org\/{rel}","templated":true}]}}