{"id":1795,"date":"2018-09-10T09:25:17","date_gmt":"2018-09-10T07:25:17","guid":{"rendered":"http:\/\/coachingsavoie.com\/blog\/?page_id=1795"},"modified":"2021-03-02T09:57:18","modified_gmt":"2021-03-02T08:57:18","slug":"avis-et-temoignages","status":"publish","type":"page","link":"https:\/\/coachingsavoie.com\/blog\/avis-et-temoignages\/","title":{"rendered":"T\u00e9moignages et r\u00e9sultats"},"content":{"rendered":"<h2>Quelques t\u00e9moignages de clients&#8230;<\/h2>\n<p><a href=\"http:\/\/coachingsavoie.com\"><img loading=\"lazy\" class=\"alignright wp-image-944 size-medium\" src=\"https:\/\/coachingsavoie.com\/blog\/wp-content\/uploads\/2015\/09\/livre-dor-300x199.jpg\" alt=\"T\u00e9moignages : le livre d'or\" width=\"300\" height=\"199\" srcset=\"https:\/\/coachingsavoie.com\/blog\/wp-content\/uploads\/2015\/09\/livre-dor-300x199.jpg 300w, https:\/\/coachingsavoie.com\/blog\/wp-content\/uploads\/2015\/09\/livre-dor-768x510.jpg 768w, https:\/\/coachingsavoie.com\/blog\/wp-content\/uploads\/2015\/09\/livre-dor.jpg 960w\" sizes=\"(max-width: 300px) 100vw, 300px\" \/><\/a>Pour tous ceux qui seraient encore r\u00e9fractaires et m\u00e9fiants envers le coaching, je vous livre ici les retours des quelques clients qui ont eu la gentillesse d&rsquo;accepter la diffusion de leur commentaire.<\/p>\n<h3 id=\"block-9cedc22e-0ca0-497e-bee1-88ffe8c085cf\" class=\"block-editor-rich-text__editable block-editor-block-list__block wp-block is-selected is-highlighted rich-text\" tabindex=\"0\" role=\"group\" contenteditable=\"true\" aria-multiline=\"true\" aria-label=\"Bloc\u00a0: Titre\" data-block=\"9cedc22e-0ca0-497e-bee1-88ffe8c085cf\" data-type=\"core\/heading\" data-title=\"Titre\"><strong data-rich-text-format-boundary=\"true\"> \u00ab\u00a0Je ne savais pas trop \u00e0 quoi m&rsquo;attendre et quelle belle surprise !\u00a0\u00bb<\/strong><\/h3>\n<p>Fr\u00e9d\u00e9rique est une coach exceptionnelle, qui nous aide \u00e0 prendre conscience de nos valeurs, nos comp\u00e9tences et \u00e0 sortir de notre zone de confort. Je recommande \u00e0 tout le monde de faire un coaching avec Fr\u00e9d\u00e9rique !!<\/p>\n<p>Mme D.T. 73<\/p>\n<h3><strong>\u00ab\u00a0G\u00e9rante de soci\u00e9t\u00e9, autodidacte, le coaching m&rsquo;a fait prendre conscience de mon parcours professionnel.\u00a0\u00bb<\/strong><\/h3>\n<p>Il m&rsquo;a permis de faire un point sur mes points faibles et mes points forts. Au fur et \u00e0 mesure des \u00e9changes, il m&rsquo;a permis de construire une communication en ad\u00e9quation avec le milieu professionnel dans lequel j&rsquo;\u00e9volue mais aussi d&rsquo;adapter mon discours \u00e0 mes \u00e9quipes. Le soutien de mon coach a \u00e9t\u00e9 perspicace et sans faille. Je recommande vivement de prendre le temps du regard sur soi, de se former et ainsi \u00e9voluer plus rapidement.<\/p>\n<p>Mme F.E, 73<\/p>\n<h3><strong>\u00a0\u00bb Des petites choses qui me font voir la vie avec un autre regard<\/strong><\/h3>\n<p>en pensant plus \u00e0 moi et en apprenant jour apr\u00e8s jour \u00e0 l\u00e2cher prise\u00a0\u00bb<\/p>\n<p>Mme CC, 73<\/p>\n<h3><strong>\u00a0\u00bb Le coaching de Fr\u00e9d\u00e9rique m&rsquo;a permis de voir les choses \u00ab\u00a0sous un autre angle\u00a0\u00bb \u00ab\u00a0<\/strong><\/h3>\n<p>et va me permettre d&rsquo;avancer dans \u00ab\u00a0ma\u00a0\u00bb bonne direction. Merci, je recommande vivement !<\/p>\n<p>Mr JPR, 73<\/p>\n<h3><strong> \u00ab\u00a0Je ne savais pas en quoi les s\u00e9ances allaient m&rsquo;aider\u00a0\u00bb<\/strong><\/h3>\n<p>je ne visualisais pas une situation possible. Et sans vraiment r\u00e9aliser, j&rsquo;ai chang\u00e9 ma vison des choses au quotidien, je suis devenue plus positive et confiante.<\/p>\n<p>Melle J.P, 74<\/p>\n<h3><strong>\u00ab\u00a0C&rsquo;est une premi\u00e8re pour moi puisque je n&rsquo;avais jamais eu recours au coaching\u00a0\u00bb<\/strong><\/h3>\n<p>J&rsquo;ai \u00e9t\u00e9 un peu d\u00e9stabilis\u00e9e par la familiarit\u00e9 qui est instaur\u00e9e d\u00e8s le d\u00e9but, en comparaison des accompagnements plus psychanalytiques. J&rsquo;ai vraiment appr\u00e9ci\u00e9 cet accompagnement : entre le temps de discussion et le temps des exercices pratiques qui constituent une base m\u00e9thodologique \u00e0 laquelle on peut se r\u00e9f\u00e9rer plus tard.<\/p>\n<p>Mme C.P, 73<\/p>\n<h3><strong>\u00a0\u00bb Le coaching m\u2019a permis de me lib\u00e9rer de mes blocages au quotidien \u00ab\u00a0<\/strong><\/h3>\n<p>et de r\u00e9ussir \u00e0 m\u2019accepter telle que je suis sans complexe. Surtout de pouvoir dire ce que je pense et de pouvoir me lib\u00e9rer des d\u00e9pendances affectives. De vivre ma vie pleinement sans me cr\u00e9er de contraintes. Un grand merci \u00e0 ma coach Fr\u00e9d\u00e9rique Lemoine<\/p>\n<p>Mme A.A, 73<\/p>\n<h3><strong>\u00ab\u00a0Bonne exp\u00e9rience.\u00a0\u00bb<\/strong><\/h3>\n<p>On se sent \u00e9cout\u00e9, et cela m&rsquo;a permis de me \u00ab\u00a0voir\u00a0\u00bb sous un autre angle. Ce qui va me permettre de continuer plus sereinement sur le chemin de mon \u00e9volution personnelle !<\/p>\n<p>Mr N.A, 73<\/p>\n<h3><strong>\u00ab\u00a0J&rsquo;\u00e9tais en souffrance par manque de confiance en moi.\u00a0\u00bb<\/strong><\/h3>\n<p>Fr\u00e9d\u00e9rique avec t\u00e9nacit\u00e9 m&rsquo;a fait prendre conscience de Ma valeur et je ne me consid\u00e8re plus comme une personne incapable mais bien au contraire. Apr\u00e8s lui avoir livr\u00e9 l&rsquo;histoire de ma vie, j&rsquo;ai pris conscience que compte tenu de mon histoire j&rsquo;\u00e9tais au final une personne riche , courageuse et aimante.<\/p>\n<p>Mme I.N, 69<\/p>\n<h3><strong>\u00ab\u00a0Coaching tr\u00e8s professionnel\u00a0\u00bb<\/strong><\/h3>\n<p>Beaucoup d&#8217;empathie. Fr\u00e9d\u00e9rique sait aller chercher les choses profond\u00e9ment et poser le bon diagnostic.<\/p>\n<p>Vraiment d&rsquo;une grande efficacit\u00e9 je recommande vivement !<\/p>\n<p>Mr T.F, 73<\/p>\n<h3><strong>\u00ab\u00a0J&rsquo;ai \u00e9t\u00e9 impressionn\u00e9e par ta pratique du coaching\u00a0\u00bb<\/strong><\/h3>\n<p>Ton empathie permet de r\u00e9pondre aux moindres questionnements. Tu as un panel \u00e9norme de documents bien pens\u00e9s qui aident \u00e0 la r\u00e9flexion et \u00e0 notre r\u00e9alisation.<\/p>\n<p>Mme B.D, 75<\/p>\n<h3><strong>\u00ab\u00a0Je suis arriv\u00e9e en coaching durant une remise en question totale sur ma vie, \u00e9teinte, comme anesth\u00e9si\u00e9e.\u00a0\u00bb<\/strong><\/h3>\n<p>Ce coaching m&rsquo;a permis tout d&rsquo;abord de parler, mettre des mots sur les maux, \u00eatre \u00e9cout\u00e9e, avoir un retour objectif sur la situation. Tu as \u00e9t\u00e9 le tuteur qui m&rsquo;as aider \u00e0 trouver les bonnes r\u00e9ponses, prendre les bonnes d\u00e9cisions, arr\u00eater d&rsquo;avoir peur et apprendre \u00e0 avoir un regard juste et constructif sur moi et ma vie. Merci de m&rsquo;avoir aid\u00e9 \u00e0 m&rsquo;extirper de cette situation insatisfaisante pour construire et croquer \u00e0 pleine dent cette nouvelle vie.<\/p>\n<p>Melle M.A, 73<\/p>\n<h3><strong>\u00ab\u00a0Fr\u00e9d\u00e9rique a su mettre l&rsquo;accent sur les questions essentielles d\u00e8s notre premier entretien.\u00a0\u00bb<\/strong><\/h3>\n<p>Elle nous pousse \u00e0 la r\u00e9flexion afin que nous puissions r\u00e9pondre nous m\u00eame \u00e0 notre probl\u00e9matique tout en nous guidant avec un regard objectif et professionnel. Je recommande vivement ce type de coaching et surtout la super coach !<\/p>\n<p>Mme C.N, 73<\/p>\n<h3><strong>\u00ab\u00a0Le hasard d&rsquo;un tirage au sort m&rsquo;a fait gagner un coaching de 3 s\u00e9ances avec Fr\u00e9d\u00e9rique,\u00a0\u00bb <\/strong><\/h3>\n<p>Moi qui suis \u00e9galement coach, joli clin d\u2019\u0153il. Fr\u00e9d\u00e9rique a tout de suite \u00e9t\u00e9 a l&rsquo;essentiel avec moi, travaillant sur mes axes d&rsquo;am\u00e9liorations, ce qui me restait \u00e0 travailler en priorit\u00e9. J&rsquo;ai reconnu en Fr\u00e9d\u00e9rique une coach tr\u00e8s \u00e0 l&rsquo;\u00e9coute, \u00e0 la fois dans la bienveillance et dans le parler vrai, toute l&rsquo;attitude qu&rsquo;un coach\u00e9 attend d&rsquo;un accompagnateur comp\u00e9tent. Merci \u00e0 Fr\u00e9d\u00e9rique pour cette belle complicit\u00e9 professionnelle.<\/p>\n<p>Mr R.V, 74<\/p>\n<h3>\u00a0<strong>\u00ab\u00a0J&rsquo;ai d\u00e9j\u00e0 recommand\u00e9 le coaching \u00e0 deux personnes de mon entourage.\u00a0\u00bb<\/strong><\/h3>\n<p>Le coaching permet d&rsquo;avoir un \u0153il ext\u00e9rieur et une prise de recul efficace quand confront\u00e9e a un blocage et aucune solution en vue de notre point de vue. Les outils propos\u00e9s sont adapt\u00e9s et les s\u00e9ances d&rsquo;\u00e9change sont un appel au travail personnel et a un approfondissement personnel gr\u00e2ce aux pistes, lectures et outils donn\u00e9es. Aucun regret sur cet investissement financier, pour avoir les cl\u00e9s en main pour affronter le monde du travail, la communication et approfondir les exp\u00e9riences v\u00e9cues. Merci !<\/p>\n<p>Melle S.DL, 73<\/p>\n<h3><strong>\u00a0\u00bb Ma vie ressemblait \u00e0 un rubicube sans aucunes faces de la m\u00eame couleur alors j\u2019ai d\u00e9cid\u00e9 de me faire coacher ! \u00ab\u00a0<\/strong><\/h3>\n<p>Fr\u00e9d\u00e9rique m\u2019a guid\u00e9e pour me recentrer sur moi-m\u00eame, me poser les bonnes questions et surtout trouver les bonnes r\u00e9ponses ! Son \u00e9nergie positive, son professionnalisme et son enthousiasme sont autant d\u2019\u00e9l\u00e9ments qui m\u2019ont aid\u00e9e \u00e0 avancer dans ce processus. J&rsquo;ai toujours su qu\u2019il n&rsquo;y a pas de hasard dans la vie et ma rencontre avec Fr\u00e9d\u00e9rique l\u2019a prouv\u00e9e\u2026. Mon rubicube n\u2019est pas encore finalis\u00e9 mais gr\u00e2ce \u00e0 elle, j\u2019ai le mode d\u2019emploi !<\/p>\n<p>Mme M.M, 73<\/p>\n<h3><strong>\u00ab\u00a0Vos petits trucs m\u2019aident.\u00a0\u00bb<\/strong><\/h3>\n<p>Je pense souvent \u00e0 vous. Je crois que je me pose maintenant quelques questions, surtout sur l\u2019utilit\u00e9, le besoin r\u00e9el, l\u2019impact r\u00e9el des d\u00e9cisions que je peux prendre, pour in fine \u00ab\u00a0\u00eatre heureuse\u00a0\u00bb des d\u00e9cisions sans aucun regret. Je m\u2019\u00e9coute, un peu plus du moins j\u2019\u00e9coute autre chose que mon c\u0153ur, mon instinct. Je trouve un \u00e9quilibre.<\/p>\n<p>Merci, 1000 fois Fr\u00e9d\u00e9rique, pour votre gentillesse, votre professionnalisme.<\/p>\n<p>Je garde votre contact pr\u00e9cieusement.<\/p>\n<p>Mme S.K, 73 (suite \u00e0 plusieurs conf\u00e9rences)<\/p>\n<h3><strong>\u00a0\u00bb Fr\u00e9d\u00e9rique est une coach tr\u00e8s positive et motivante \u00ab\u00a0<\/strong><\/h3>\n<p class=\"Standard\">Durant le coaching, beaucoup d&rsquo;outils (adress\u00e9s par mail) m&rsquo;ont \u00e9t\u00e9 donn\u00e9. A partir de l\u00e0, je me suis sentie guid\u00e9e, orient\u00e9e pour atteindre mon objectif, tout en n&rsquo;ignorant pas que ces outils sont \u00e0 ma port\u00e9e bien \u00e9videmment mais qu&rsquo;il faut vraiment les utiliser au fil du temps afin de ne pas perdre la trajectoire de mon objectif final.<\/p>\n<p class=\"Standard\">A ce jour, je continue \u00e0 utiliser les outils donn\u00e9s par Fr\u00e9d\u00e9rique afin de poursuivre mon objectif.<\/p>\n<p class=\"Standard\">J&rsquo;ai \u00e9galement compris des choses sur moi dont je n&rsquo;avais pas pr\u00eat\u00e9 attention.<\/p>\n<p class=\"Standard\">Merci Fr\u00e9d\u00e9rique pour ta gentillesse, ton dynamisme, ta contribution \u00e0 m&rsquo;aider \u00e0 \u00e9voluer constamment.<\/p>\n<p class=\"Standard\">Melle MA.C, 69<\/p>\n<h3><strong>\u00a0\u00bb J\u2019ai ador\u00e9 le coaching ! \u00ab\u00a0<\/strong><\/h3>\n<p>Fr\u00e9d\u00e9rique m\u2019a aid\u00e9e \u00e0 me rendre compte de mes capacit\u00e9s et de mes comp\u00e9tences. Tout les exercices que l\u2019on a fait ensemble, ont \u00e9t\u00e9 b\u00e9n\u00e9fiques et ont port\u00e9s leurs fruits. J\u2019ai atteint mon objectif et j\u2019ai\u00a0tout simplement r\u00e9alis\u00e9 que j\u2019avais repris confiance en moi.\u00a0\u00bb<\/p>\n<p>Melle J.G, 38<\/p>\n<h3><strong>\u00a0\u00bb Cette exp\u00e9rience m\u2019a \u00e0 nouveau confort\u00e9 sur le bienfond\u00e9 du coaching. \u00ab\u00a0<\/strong><\/h3>\n<p>L\u2019approche pragmatique de cette d\u00e9marche m\u2019a permis de lister les valeurs fondamentales\u00a0de ma personnalit\u00e9 et gr\u00e2ce \u00e0 l\u2019aide de Fr\u00e9d\u00e9rique, j\u2019ai pu ainsi identifier les crit\u00e8res indispensables \u00e0 mon futur projet de vie. Merci \u00e0 toi, Fred! \u00ab\u00a0<\/p>\n<p>Mr D.B, 73<\/p>\n\n\n<h3>\u00ab\u00a0Nos \u00e9changes divers et le temps que tu m&rsquo;as consacr\u00e9, riches d&rsquo;exp\u00e9riences personnelles, d&rsquo;outils pr\u00e9cis, de r\u00e9actions, de recadrage bienveillant \u00ab\u00a0sur le vif\u00a0\u00bb, m&rsquo;ont apport\u00e9 le d\u00e9clic dont j&rsquo;ai besoin et que je recherchai.\u00a0\u00bb<\/h3>\n\n\n\n<p> J&rsquo;avance sur mon chemin de vie en me d\u00e9lestant, doucement mais s\u00fbrement ;-), de mon sac \u00e0 dos charg\u00e9 de petits et moyens cailloux ! MERCI<\/p>\n\n\n\n<p>Mme C.C, 73<\/p>\n","protected":false},"excerpt":{"rendered":"<p>Quelques t\u00e9moignages de clients&#8230; Pour tous ceux qui seraient encore r\u00e9fractaires et m\u00e9fiants envers le coaching, je vous livre ici les retours des quelques clients qui ont eu la gentillesse d&rsquo;accepter la diffusion de leur commentaire. \u00ab\u00a0Je ne savais pas trop \u00e0 quoi m&rsquo;attendre et quelle belle surprise !\u00a0\u00bb Fr\u00e9d\u00e9rique est une coach exceptionnelle, qui [&hellip;]<\/p>\n","protected":false},"author":2,"featured_media":0,"parent":0,"menu_order":0,"comment_status":"closed","ping_status":"closed","template":"","meta":{"_mi_skip_tracking":false},"categories":[],"tags":[],"yoast_head":"<!-- This site is optimized with the Yoast SEO plugin v18.1 - https:\/\/yoast.com\/wordpress\/plugins\/seo\/ -->\n<meta name=\"description\" content=\"Quelques avis et t\u00e9moignages de mes clients sur la pertinence et l&#039;utilit\u00e9 du coaching : ce qu&#039;ils ont atteint, appris, compris, d\u00e9couvert...\" \/>\n<meta name=\"robots\" content=\"index, follow, max-snippet:-1, max-image-preview:large, max-video-preview:-1\" \/>\n<link rel=\"canonical\" href=\"https:\/\/coachingsavoie.com\/blog\/avis-et-temoignages\/\" \/>\n<meta name=\"twitter:card\" content=\"summary\" \/>\n<meta name=\"twitter:title\" content=\"T\u00e9moignages et r\u00e9sultats - Coaching et formation en Savoie\" \/>\n<meta name=\"twitter:description\" content=\"Quelques avis et t\u00e9moignages de mes clients sur la pertinence et l&#039;utilit\u00e9 du coaching : ce qu&#039;ils ont atteint, appris, compris, d\u00e9couvert...\" \/>\n<meta name=\"twitter:image\" content=\"http:\/\/coachingsavoie.com\/blog\/wp-content\/uploads\/2015\/09\/livre-dor-300x199.jpg\" \/>\n<meta name=\"twitter:label1\" content=\"Dur\u00e9e de lecture estim\u00e9e\" \/>\n\t<meta name=\"twitter:data1\" content=\"7 minutes\" \/>\n<script type=\"application\/ld+json\" class=\"yoast-schema-graph\">{\"@context\":\"https:\/\/schema.org\",\"@graph\":[{\"@type\":\"WebSite\",\"@id\":\"https:\/\/coachingsavoie.com\/blog\/#website\",\"url\":\"https:\/\/coachingsavoie.com\/blog\/\",\"name\":\"Coaching et formation en Savoie\",\"description\":\"Fr\u00e9d\u00e9rique Lemoine, formatrice sp\u00e9cialis\u00e9e en soft skills, coach certifi\u00e9e, conf\u00e9renci\u00e8re et praticien PNL\",\"potentialAction\":[{\"@type\":\"SearchAction\",\"target\":{\"@type\":\"EntryPoint\",\"urlTemplate\":\"https:\/\/coachingsavoie.com\/blog\/?s={search_term_string}\"},\"query-input\":\"required name=search_term_string\"}],\"inLanguage\":\"fr-FR\"},{\"@type\":\"ImageObject\",\"@id\":\"https:\/\/coachingsavoie.com\/blog\/avis-et-temoignages\/#primaryimage\",\"inLanguage\":\"fr-FR\",\"url\":\"http:\/\/coachingsavoie.com\/blog\/wp-content\/uploads\/2015\/09\/livre-dor-300x199.jpg\",\"contentUrl\":\"http:\/\/coachingsavoie.com\/blog\/wp-content\/uploads\/2015\/09\/livre-dor-300x199.jpg\"},{\"@type\":\"WebPage\",\"@id\":\"https:\/\/coachingsavoie.com\/blog\/avis-et-temoignages\/#webpage\",\"url\":\"https:\/\/coachingsavoie.com\/blog\/avis-et-temoignages\/\",\"name\":\"T\u00e9moignages et r\u00e9sultats - Coaching et formation en Savoie\",\"isPartOf\":{\"@id\":\"https:\/\/coachingsavoie.com\/blog\/#website\"},\"primaryImageOfPage\":{\"@id\":\"https:\/\/coachingsavoie.com\/blog\/avis-et-temoignages\/#primaryimage\"},\"datePublished\":\"2018-09-10T07:25:17+00:00\",\"dateModified\":\"2021-03-02T08:57:18+00:00\",\"description\":\"Quelques avis et t\u00e9moignages de mes clients sur la pertinence et l'utilit\u00e9 du coaching : ce qu'ils ont atteint, appris, compris, d\u00e9couvert...\",\"breadcrumb\":{\"@id\":\"https:\/\/coachingsavoie.com\/blog\/avis-et-temoignages\/#breadcrumb\"},\"inLanguage\":\"fr-FR\",\"potentialAction\":[{\"@type\":\"ReadAction\",\"target\":[\"https:\/\/coachingsavoie.com\/blog\/avis-et-temoignages\/\"]}]},{\"@type\":\"BreadcrumbList\",\"@id\":\"https:\/\/coachingsavoie.com\/blog\/avis-et-temoignages\/#breadcrumb\",\"itemListElement\":[{\"@type\":\"ListItem\",\"position\":1,\"name\":\"Accueil\",\"item\":\"https:\/\/coachingsavoie.com\/blog\/\"},{\"@type\":\"ListItem\",\"position\":2,\"name\":\"T\u00e9moignages et r\u00e9sultats\"}]}]}<\/script>\n<!-- \/ Yoast SEO plugin. -->","yoast_head_json":{"description":"Quelques avis et t\u00e9moignages de mes clients sur la pertinence et l'utilit\u00e9 du coaching : ce qu'ils ont atteint, appris, compris, d\u00e9couvert...","robots":{"index":"index","follow":"follow","max-snippet":"max-snippet:-1","max-image-preview":"max-image-preview:large","max-video-preview":"max-video-preview:-1"},"canonical":"https:\/\/coachingsavoie.com\/blog\/avis-et-temoignages\/","twitter_card":"summary","twitter_title":"T\u00e9moignages et r\u00e9sultats - Coaching et formation en Savoie","twitter_description":"Quelques avis et t\u00e9moignages de mes clients sur la pertinence et l'utilit\u00e9 du coaching : ce qu'ils ont atteint, appris, compris, d\u00e9couvert...","twitter_image":"http:\/\/coachingsavoie.com\/blog\/wp-content\/uploads\/2015\/09\/livre-dor-300x199.jpg","twitter_misc":{"Dur\u00e9e de lecture estim\u00e9e":"7 minutes"},"schema":{"@context":"https:\/\/schema.org","@graph":[{"@type":"WebSite","@id":"https:\/\/coachingsavoie.com\/blog\/#website","url":"https:\/\/coachingsavoie.com\/blog\/","name":"Coaching et formation en Savoie","description":"Fr\u00e9d\u00e9rique Lemoine, formatrice sp\u00e9cialis\u00e9e en soft skills, coach certifi\u00e9e, conf\u00e9renci\u00e8re et praticien PNL","potentialAction":[{"@type":"SearchAction","target":{"@type":"EntryPoint","urlTemplate":"https:\/\/coachingsavoie.com\/blog\/?s={search_term_string}"},"query-input":"required name=search_term_string"}],"inLanguage":"fr-FR"},{"@type":"ImageObject","@id":"https:\/\/coachingsavoie.com\/blog\/avis-et-temoignages\/#primaryimage","inLanguage":"fr-FR","url":"http:\/\/coachingsavoie.com\/blog\/wp-content\/uploads\/2015\/09\/livre-dor-300x199.jpg","contentUrl":"http:\/\/coachingsavoie.com\/blog\/wp-content\/uploads\/2015\/09\/livre-dor-300x199.jpg"},{"@type":"WebPage","@id":"https:\/\/coachingsavoie.com\/blog\/avis-et-temoignages\/#webpage","url":"https:\/\/coachingsavoie.com\/blog\/avis-et-temoignages\/","name":"T\u00e9moignages et r\u00e9sultats - Coaching et formation en Savoie","isPartOf":{"@id":"https:\/\/coachingsavoie.com\/blog\/#website"},"primaryImageOfPage":{"@id":"https:\/\/coachingsavoie.com\/blog\/avis-et-temoignages\/#primaryimage"},"datePublished":"2018-09-10T07:25:17+00:00","dateModified":"2021-03-02T08:57:18+00:00","description":"Quelques avis et t\u00e9moignages de mes clients sur la pertinence et l'utilit\u00e9 du coaching : ce qu'ils ont atteint, appris, compris, d\u00e9couvert...","breadcrumb":{"@id":"https:\/\/coachingsavoie.com\/blog\/avis-et-temoignages\/#breadcrumb"},"inLanguage":"fr-FR","potentialAction":[{"@type":"ReadAction","target":["https:\/\/coachingsavoie.com\/blog\/avis-et-temoignages\/"]}]},{"@type":"BreadcrumbList","@id":"https:\/\/coachingsavoie.com\/blog\/avis-et-temoignages\/#breadcrumb","itemListElement":[{"@type":"ListItem","position":1,"name":"Accueil","item":"https:\/\/coachingsavoie.com\/blog\/"},{"@type":"ListItem","position":2,"name":"T\u00e9moignages et r\u00e9sultats"}]}]}},"_links":{"self":[{"href":"https:\/\/coachingsavoie.com\/blog\/wp-json\/wp\/v2\/pages\/1795"}],"collection":[{"href":"https:\/\/coachingsavoie.com\/blog\/wp-json\/wp\/v2\/pages"}],"about":[{"href":"https:\/\/coachingsavoie.com\/blog\/wp-json\/wp\/v2\/types\/page"}],"author":[{"embeddable":true,"href":"https:\/\/coachingsavoie.com\/blog\/wp-json\/wp\/v2\/users\/2"}],"replies":[{"embeddable":true,"href":"https:\/\/coachingsavoie.com\/blog\/wp-json\/wp\/v2\/comments?post=1795"}],"version-history":[{"count":7,"href":"https:\/\/coachingsavoie.com\/blog\/wp-json\/wp\/v2\/pages\/1795\/revisions"}],"predecessor-version":[{"id":2407,"href":"https:\/\/coachingsavoie.com\/blog\/wp-json\/wp\/v2\/pages\/1795\/revisions\/2407"}],"wp:attachment":[{"href":"https:\/\/coachingsavoie.com\/blog\/wp-json\/wp\/v2\/media?parent=1795"}],"wp:term":[{"taxonomy":"category","embeddable":true,"href":"https:\/\/coachingsavoie.com\/blog\/wp-json\/wp\/v2\/categories?post=1795"},{"taxonomy":"post_tag","embeddable":true,"href":"https:\/\/coachingsavoie.com\/blog\/wp-json\/wp\/v2\/tags?post=1795"}],"curies":[{"name":"wp","href":"https:\/\/api.w.org\/{rel}","templated":true}]}}