{"id":121,"date":"2014-07-08T09:12:00","date_gmt":"2014-07-08T07:12:00","guid":{"rendered":"http:\/\/coachingsavoie.com\/blog\/newsletter\/"},"modified":"2014-07-08T09:12:00","modified_gmt":"2014-07-08T07:12:00","slug":"newsletter","status":"publish","type":"page","link":"https:\/\/coachingsavoie.com\/blog\/newsletter\/","title":{"rendered":"Newsletter"},"content":{"rendered":"<p><div class=\"tnp tnp-subscription\">\n<form method=\"post\" action=\"https:\/\/coachingsavoie.com\/blog\/?na=s\">\n\n<input type=\"hidden\" name=\"nr\" value=\"page\"><input type=\"hidden\" name=\"nlang\" value=\"\"><div class=\"tnp-field tnp-field-email\"><label for=\"tnp-1\">Email<\/label>\n<input class=\"tnp-email\" type=\"email\" name=\"ne\" id=\"tnp-1\" value=\"\" required><\/div>\n<div class=\"tnp-field tnp-field-button\"><input class=\"tnp-submit\" type=\"submit\" value=\"Subscribe\" >\n<\/div>\n<\/form>\n<\/div>\n<\/p>\n","protected":false},"excerpt":{"rendered":"","protected":false},"author":2,"featured_media":0,"parent":0,"menu_order":0,"comment_status":"closed","ping_status":"closed","template":"","meta":{"_mi_skip_tracking":false},"categories":[],"tags":[],"yoast_head":"<!-- This site is optimized with the Yoast SEO plugin v18.1 - https:\/\/yoast.com\/wordpress\/plugins\/seo\/ -->\n<meta name=\"robots\" content=\"index, follow, max-snippet:-1, max-image-preview:large, max-video-preview:-1\" \/>\n<link rel=\"canonical\" href=\"https:\/\/coachingsavoie.com\/blog\/newsletter\/\" \/>\n<meta name=\"twitter:card\" content=\"summary\" \/>\n<meta name=\"twitter:title\" content=\"Newsletter - Coaching et formation en Savoie\" \/>\n<script type=\"application\/ld+json\" class=\"yoast-schema-graph\">{\"@context\":\"https:\/\/schema.org\",\"@graph\":[{\"@type\":\"WebSite\",\"@id\":\"https:\/\/coachingsavoie.com\/blog\/#website\",\"url\":\"https:\/\/coachingsavoie.com\/blog\/\",\"name\":\"Coaching et formation en Savoie\",\"description\":\"Fr\u00e9d\u00e9rique Lemoine, formatrice sp\u00e9cialis\u00e9e en soft skills, coach certifi\u00e9e, conf\u00e9renci\u00e8re et praticien PNL\",\"potentialAction\":[{\"@type\":\"SearchAction\",\"target\":{\"@type\":\"EntryPoint\",\"urlTemplate\":\"https:\/\/coachingsavoie.com\/blog\/?s={search_term_string}\"},\"query-input\":\"required name=search_term_string\"}],\"inLanguage\":\"fr-FR\"},{\"@type\":\"WebPage\",\"@id\":\"https:\/\/coachingsavoie.com\/blog\/newsletter\/#webpage\",\"url\":\"https:\/\/coachingsavoie.com\/blog\/newsletter\/\",\"name\":\"Newsletter - Coaching et formation en Savoie\",\"isPartOf\":{\"@id\":\"https:\/\/coachingsavoie.com\/blog\/#website\"},\"datePublished\":\"2014-07-08T07:12:00+00:00\",\"dateModified\":\"2014-07-08T07:12:00+00:00\",\"breadcrumb\":{\"@id\":\"https:\/\/coachingsavoie.com\/blog\/newsletter\/#breadcrumb\"},\"inLanguage\":\"fr-FR\",\"potentialAction\":[{\"@type\":\"ReadAction\",\"target\":[\"https:\/\/coachingsavoie.com\/blog\/newsletter\/\"]}]},{\"@type\":\"BreadcrumbList\",\"@id\":\"https:\/\/coachingsavoie.com\/blog\/newsletter\/#breadcrumb\",\"itemListElement\":[{\"@type\":\"ListItem\",\"position\":1,\"name\":\"Accueil\",\"item\":\"https:\/\/coachingsavoie.com\/blog\/\"},{\"@type\":\"ListItem\",\"position\":2,\"name\":\"Newsletter\"}]}]}<\/script>\n<!-- \/ Yoast SEO plugin. -->","yoast_head_json":{"robots":{"index":"index","follow":"follow","max-snippet":"max-snippet:-1","max-image-preview":"max-image-preview:large","max-video-preview":"max-video-preview:-1"},"canonical":"https:\/\/coachingsavoie.com\/blog\/newsletter\/","twitter_card":"summary","twitter_title":"Newsletter - Coaching et formation en Savoie","schema":{"@context":"https:\/\/schema.org","@graph":[{"@type":"WebSite","@id":"https:\/\/coachingsavoie.com\/blog\/#website","url":"https:\/\/coachingsavoie.com\/blog\/","name":"Coaching et formation en Savoie","description":"Fr\u00e9d\u00e9rique Lemoine, formatrice sp\u00e9cialis\u00e9e en soft skills, coach certifi\u00e9e, conf\u00e9renci\u00e8re et praticien PNL","potentialAction":[{"@type":"SearchAction","target":{"@type":"EntryPoint","urlTemplate":"https:\/\/coachingsavoie.com\/blog\/?s={search_term_string}"},"query-input":"required name=search_term_string"}],"inLanguage":"fr-FR"},{"@type":"WebPage","@id":"https:\/\/coachingsavoie.com\/blog\/newsletter\/#webpage","url":"https:\/\/coachingsavoie.com\/blog\/newsletter\/","name":"Newsletter - Coaching et formation en Savoie","isPartOf":{"@id":"https:\/\/coachingsavoie.com\/blog\/#website"},"datePublished":"2014-07-08T07:12:00+00:00","dateModified":"2014-07-08T07:12:00+00:00","breadcrumb":{"@id":"https:\/\/coachingsavoie.com\/blog\/newsletter\/#breadcrumb"},"inLanguage":"fr-FR","potentialAction":[{"@type":"ReadAction","target":["https:\/\/coachingsavoie.com\/blog\/newsletter\/"]}]},{"@type":"BreadcrumbList","@id":"https:\/\/coachingsavoie.com\/blog\/newsletter\/#breadcrumb","itemListElement":[{"@type":"ListItem","position":1,"name":"Accueil","item":"https:\/\/coachingsavoie.com\/blog\/"},{"@type":"ListItem","position":2,"name":"Newsletter"}]}]}},"_links":{"self":[{"href":"https:\/\/coachingsavoie.com\/blog\/wp-json\/wp\/v2\/pages\/121"}],"collection":[{"href":"https:\/\/coachingsavoie.com\/blog\/wp-json\/wp\/v2\/pages"}],"about":[{"href":"https:\/\/coachingsavoie.com\/blog\/wp-json\/wp\/v2\/types\/page"}],"author":[{"embeddable":true,"href":"https:\/\/coachingsavoie.com\/blog\/wp-json\/wp\/v2\/users\/2"}],"replies":[{"embeddable":true,"href":"https:\/\/coachingsavoie.com\/blog\/wp-json\/wp\/v2\/comments?post=121"}],"version-history":[{"count":0,"href":"https:\/\/coachingsavoie.com\/blog\/wp-json\/wp\/v2\/pages\/121\/revisions"}],"wp:attachment":[{"href":"https:\/\/coachingsavoie.com\/blog\/wp-json\/wp\/v2\/media?parent=121"}],"wp:term":[{"taxonomy":"category","embeddable":true,"href":"https:\/\/coachingsavoie.com\/blog\/wp-json\/wp\/v2\/categories?post=121"},{"taxonomy":"post_tag","embeddable":true,"href":"https:\/\/coachingsavoie.com\/blog\/wp-json\/wp\/v2\/tags?post=121"}],"curies":[{"name":"wp","href":"https:\/\/api.w.org\/{rel}","templated":true}]}}